{"id":4358,"date":"2017-01-24T15:29:21","date_gmt":"2017-01-24T15:29:21","guid":{"rendered":"http:\/\/ambient.elated-themes.com\/?page_id=4358"},"modified":"2023-12-14T12:13:04","modified_gmt":"2023-12-14T11:13:04","slug":"interior-decor-studio","status":"publish","type":"page","link":"https:\/\/staging.formcph.com\/","title":{"rendered":"Form &#8211; Forside"},"content":{"rendered":"<p>[vc_row][vc_column]<div class=\"eltdf-elements-holder eltdf-responsive-mode-1024\" ><div class=\"eltdf-elements-holder-item eltdf-width-1-4 eltdf-vertical-alignment-middle eltdf-horizontal-alignment-center eltdf-fade-in\" data-animation=\"eltdf-fade-in\" data-item-class=\"eltdf-elements-holder-custom-682442\" data-768-1024=\"12% 0\" data-600-768=\"12% 0\" data-480-600=\"42px 0\" data-480=\"42px 0\" style=\"transition-delay:0ms;-webkit-transition-delay:0ms;background-color: #d5b9c7\">\n        <div class=\"eltdf-elements-holder-item-inner\">\n        <div class=\"eltdf-elements-holder-item-content eltdf-elements-holder-custom-682442\" >\n            <div class=\"eltdf-elements-holder-item-content-inner\">\n                            <\/div>\n        <\/div>\n    <\/div>\n    <\/div><div class=\"eltdf-elements-holder-item eltdf-width-1-4 eltdf-vertical-alignment-middle eltdf-horizontal-alignment-left eltdf-fade-in eltdf-elements-holder-with-zoom\" data-animation=\"eltdf-fade-in\" data-item-class=\"eltdf-elements-holder-custom-111248\" data-768-1024=\"22% 0\" data-600-768=\"26% 0\" data-480-600=\"135px 0\" data-480=\"135px 0\" style=\"transition-delay:250ms;-webkit-transition-delay:250ms\">\n        <div class=\"eltdf-elements-holder-item-inner\">\n        <div class=\"eltdf-elements-holder-item-content eltdf-elements-holder-custom-111248\" >\n            <div class=\"eltdf-elements-holder-item-content-inner\">\n                            <\/div>\n        <\/div>\n    <\/div>\n            <div class=\"eltdf-elements-holder-item-image-zoom\" style=\"background-image: url(https:\/\/staging.formcph.com\/wp-content\/uploads\/2017\/10\/blomstergaarden_013-1.jpg)\"><\/div>\n    <\/div><div class=\"eltdf-elements-holder-item eltdf-width-1-2 eltdf-vertical-alignment-middle eltdf-horizontal-alignment-left eltdf-fade-in\" data-animation=\"eltdf-fade-in\" data-item-class=\"eltdf-elements-holder-custom-436337\" data-1280-1440=\"8% 15% 6.2% 11.5%\" data-1024-1280=\"8% 10% 6.2% 11.5%\" data-768-1024=\"7% 34% 7.2% 11.5%\" data-600-768=\"7% 21% 7.2% 11.5%\" data-480-600=\"7% 11% 7.2% 11.5%\" data-480=\"27px 16% 30px 11.5%\" style=\"transition-delay:500ms;-webkit-transition-delay:500ms\">\n        <div class=\"eltdf-elements-holder-item-inner\">\n        <div class=\"eltdf-elements-holder-item-content eltdf-elements-holder-custom-436337\" style=\"padding: 10% 16% 12% 12%\">\n            <div class=\"eltdf-elements-holder-item-content-inner\">\n                [vc_column_text]<\/p>\n<h2>Indretning med passion og erfaring<\/h2>\n<p>[\/vc_column_text][vc_column_text]<\/p>\n<h3>\u2013 der kan m\u00e6rkes<\/h3>\n<p>[\/vc_column_text][vc_empty_space height=&#8221;8px&#8221;][vc_column_text]I mere end 20 \u00e5r har formcph l\u00f8st store og sm\u00e5 indretningsopgaver for virksomheder og private. Fra de f\u00f8rste tanker, til I tager rammerne i brug, f\u00e5r I professionel r\u00e5dgivning og kreativ sparring, baseret p\u00e5 erfaring og vores passion for indretning.[\/vc_column_text][vc_empty_space height=&#8221;11px&#8221;][vc_column_text]<\/p>\n<p><a name=\"OLE_LINK13\"><\/a><strong>M\u00e6rk passionen, l\u00e6s <\/strong><strong><a href=\"https:\/\/staging.formcph.com\/om-os\">om os<\/a><\/strong>[\/vc_column_text][vc_empty_space height=&#8221;11px&#8221;]    <span class=\"eltdf-icon-shortcode eltdf-normal\" style=\"margin: 0 11px 0 0\" data-hover-color=\"#dfb947\" data-color=\"#858585\">\n                    <a itemprop=\"url\" class=\"\" href=\"https:\/\/www.facebook.com\/formcphaps\" target=\"_blank\">\n                    <span aria-hidden=\"true\" class=\"eltdf-icon-font-elegant social_facebook eltdf-icon-element\" style=\"color: #858585;font-size:15px\" ><\/span>                    <\/a>\n            <\/span>\n    <span class=\"eltdf-icon-shortcode eltdf-normal\" style=\"margin: 0 11px 0 0\" data-hover-color=\"#dfb947\" data-color=\"#858585\">\n                    <a itemprop=\"url\" class=\"\" href=\"https:\/\/www.linkedin.com\/company\/formcph\/about\/\" target=\"_blank\">\n                    <span aria-hidden=\"true\" class=\"eltdf-icon-font-elegant social_linkedin eltdf-icon-element\" style=\"color: #858585;font-size:15px\" ><\/span>                    <\/a>\n            <\/span>\n    <span class=\"eltdf-icon-shortcode eltdf-normal\" style=\"margin: 0 0 0 0\" data-hover-color=\"#dfb947\" data-color=\"#858585\">\n                    <a itemprop=\"url\" class=\"\" href=\"https:\/\/www.instagram.com\/formcph\/\" target=\"_blank\">\n                    <span aria-hidden=\"true\" class=\"eltdf-icon-font-elegant social_instagram eltdf-icon-element\" style=\"color: #858585;font-size:15px\" ><\/span>                    <\/a>\n            <\/span>\n            <\/div>\n        <\/div>\n    <\/div>\n    <\/div><\/div>[\/vc_column][\/vc_row][vc_row][vc_column]<div class=\"eltdf-elements-holder eltdf-responsive-mode-1024\" ><div class=\"eltdf-elements-holder-item eltdf-width-1-4 eltdf-vertical-alignment-middle eltdf-horizontal-alignment-left eltdf-fade-in eltdf-elements-holder-with-zoom\" data-animation=\"eltdf-fade-in\" data-item-class=\"eltdf-elements-holder-custom-890637\" data-768-1024=\"22% 0\" data-600-768=\"26% 0\" data-480-600=\"135px 0\" data-480=\"135px 0\" style=\"transition-delay:0ms;-webkit-transition-delay:0ms\">\n        <div class=\"eltdf-elements-holder-item-inner\">\n        <div class=\"eltdf-elements-holder-item-content eltdf-elements-holder-custom-890637\" >\n            <div class=\"eltdf-elements-holder-item-content-inner\">\n                            <\/div>\n        <\/div>\n    <\/div>\n            <div class=\"eltdf-elements-holder-item-image-zoom\" style=\"background-image: url(https:\/\/staging.formcph.com\/wp-content\/uploads\/2023\/08\/Forsiden_Loungechairs_Daylight.jpg)\"><\/div>\n    <\/div><div class=\"eltdf-elements-holder-item eltdf-width-1-4 eltdf-vertical-alignment-middle eltdf-horizontal-alignment-left eltdf-fade-in eltdf-elements-holder-with-zoom\" data-animation=\"eltdf-fade-in\" data-item-class=\"eltdf-elements-holder-custom-120286\" data-768-1024=\"22% 0\" data-600-768=\"26% 0\" data-480-600=\"135px 0\" data-480=\"135px 0\" style=\"transition-delay:250ms;-webkit-transition-delay:250ms\">\n        <div class=\"eltdf-elements-holder-item-inner\">\n        <div class=\"eltdf-elements-holder-item-content eltdf-elements-holder-custom-120286\" >\n            <div class=\"eltdf-elements-holder-item-content-inner\">\n                            <\/div>\n        <\/div>\n    <\/div>\n            <div class=\"eltdf-elements-holder-item-image-zoom\" style=\"background-image: url(https:\/\/staging.formcph.com\/wp-content\/uploads\/2017\/12\/Oslo-Wood-Gold-High-res_Photo_Chris-Tonnesen.jpg)\"><\/div>\n    <\/div><div class=\"eltdf-elements-holder-item eltdf-width-1-4 eltdf-vertical-alignment-middle eltdf-horizontal-alignment-center eltdf-fade-in\" data-animation=\"eltdf-fade-in\" data-item-class=\"eltdf-elements-holder-custom-322053\" data-1280-1440=\"20.4% 17% 24.6%\" data-1024-1280=\"20.4% 15% 24.6%\" data-768-1024=\"9.4% 33% 10.6%\" data-600-768=\"9.4% 30% 10.6%\" data-480-600=\"10.4% 19% 12.6%\" data-480=\"48px 10% 65px\" style=\"transition-delay:500ms;-webkit-transition-delay:500ms;background-color: #2d2d2d\">\n        <div class=\"eltdf-elements-holder-item-inner\">\n        <div class=\"eltdf-elements-holder-item-content eltdf-elements-holder-custom-322053\" style=\"padding: 18% 13% 18% 13%\">\n            <div class=\"eltdf-elements-holder-item-content-inner\">\n                [vc_column_text]<\/p>\n<h2 style=\"text-align: left;\"><span style=\"color: #ffffff;\">Giv jeres rammer personlighed<\/span><\/h2>\n<p>[\/vc_column_text][vc_column_text]<\/p>\n<h3 style=\"text-align: left;\"><span style=\"color: #ffffff;\"><span style=\"color: #ef8615;\">&#8211; med et udtryk,<br \/>\n<\/span><\/span><span style=\"color: #ffffff;\"><span style=\"color: #ef8615;\">der g\u00f8r indtryk<\/span><\/span><\/h3>\n<p>[\/vc_column_text][vc_column_text]<\/p>\n<p style=\"text-align: left;\"><span style=\"color: #ffffff;\"> Professionel indretning afspejler jeres identitet og s\u00e6tter scenen med den rette stemning. P\u00e5 kontoret, i undervisningslokalet, p\u00e5 hotelv\u00e6relset, p\u00e5 plejehjemmet eller derhjemme i stuen.<\/span><\/p>\n<p>[\/vc_column_text]            <\/div>\n        <\/div>\n    <\/div>\n    <\/div><div class=\"eltdf-elements-holder-item eltdf-width-1-4 eltdf-vertical-alignment-middle eltdf-horizontal-alignment-left eltdf-fade-in eltdf-elements-holder-with-zoom\" data-animation=\"eltdf-fade-in\" data-item-class=\"eltdf-elements-holder-custom-308041\" data-768-1024=\"22% 0\" data-600-768=\"26% 0\" data-480-600=\"135px 0\" data-480=\"135px 0\" style=\"transition-delay:750ms;-webkit-transition-delay:750ms\">\n        <div class=\"eltdf-elements-holder-item-inner\">\n        <div class=\"eltdf-elements-holder-item-content eltdf-elements-holder-custom-308041\" >\n            <div class=\"eltdf-elements-holder-item-content-inner\">\n                            <\/div>\n        <\/div>\n    <\/div>\n            <div class=\"eltdf-elements-holder-item-image-zoom\" style=\"background-image: url(https:\/\/staging.formcph.com\/wp-content\/uploads\/2017\/10\/rungstedgaard_c.jpg)\"><\/div>\n    <\/div><\/div>[\/vc_column][\/vc_row][vc_row][vc_column]<div class=\"eltdf-elements-holder eltdf-responsive-mode-1024\" ><div class=\"eltdf-elements-holder-item eltdf-width-1-2 eltdf-vertical-alignment-middle eltdf-horizontal-alignment-left eltdf-fade-in\" data-animation=\"eltdf-fade-in\" data-item-class=\"eltdf-elements-holder-custom-161282\" data-1280-1440=\"10.8% 13% 15.1% 11.6%\" data-1024-1280=\"10.8% 13% 15.1% 11.6%\" data-768-1024=\"6.8% 22% 10.1%\" data-600-768=\"6.8% 16% 10.1%\" data-480-600=\"27px 12% 63px\" data-480=\"27px 12% 63px\" style=\"transition-delay:0ms;-webkit-transition-delay:0ms;background-color: #2d2d2d\">\n        <div class=\"eltdf-elements-holder-item-inner\">\n        <div class=\"eltdf-elements-holder-item-content eltdf-elements-holder-custom-161282\" style=\"padding: 15% 17.2% 15% 16.6%\">\n            <div class=\"eltdf-elements-holder-item-content-inner\">\n                [vc_column_text]<\/p>\n<h2><span style=\"color: #ffffff;\">Hvordan kan vi hj\u00e6lpe jer?<\/span><\/h2>\n<p>[\/vc_column_text][vc_empty_space height=&#8221;10px&#8221;][vc_column_text]<span style=\"color: #ffffff;\">\u2022 \u00a0 Fuldendte indretningsl\u00f8sninger<br \/>\n\u2022 \u00a0 Kompetent projektstyring<br \/>\n\u2022 \u00a0 Implementering og indflytning<br \/>\n\u2022 \u00a0 Udvalgt inventar fra anerkendte brands<br \/>\n\u2022 \u00a0 Specialdesignede l\u00f8sninger<br \/>\n<\/span>[\/vc_column_text][vc_empty_space height=&#8221;38px&#8221;]            <\/div>\n        <\/div>\n    <\/div>\n    <\/div><div class=\"eltdf-elements-holder-item eltdf-width-1-4 eltdf-vertical-alignment-middle eltdf-horizontal-alignment-left eltdf-fade-in eltdf-elements-holder-with-zoom\" data-animation=\"eltdf-fade-in\" data-item-class=\"eltdf-elements-holder-custom-219458\" data-768-1024=\"22% 0\" data-600-768=\"26% 0\" data-480-600=\"135px 0\" data-480=\"135px 0\" style=\"transition-delay:250ms;-webkit-transition-delay:250ms\">\n        <div class=\"eltdf-elements-holder-item-inner\">\n        <div class=\"eltdf-elements-holder-item-content eltdf-elements-holder-custom-219458\" >\n            <div class=\"eltdf-elements-holder-item-content-inner\">\n                            <\/div>\n        <\/div>\n    <\/div>\n            <div class=\"eltdf-elements-holder-item-image-zoom\" style=\"background-image: url(https:\/\/staging.formcph.com\/wp-content\/uploads\/2017\/01\/Lavitta-chairs_from-up.png)\"><\/div>\n    <\/div><div class=\"eltdf-elements-holder-item eltdf-width-1-4 eltdf-vertical-alignment-middle eltdf-horizontal-alignment-left eltdf-fade-in\" data-animation=\"eltdf-fade-in\" data-item-class=\"eltdf-elements-holder-custom-478405\" data-1280-1440=\"0 11% 10.5% 14%\" data-1024-1280=\"0 13% 5.5% 15%\" data-768-1024=\"7% 25% 10%\" data-600-768=\"7% 25% 11%\" data-480-600=\"27px 12% 50px\" data-480=\"27px 12% 50px\" style=\"transition-delay:500ms;-webkit-transition-delay:500ms;background-color: #d5b9c7\">\n        <div class=\"eltdf-elements-holder-item-inner\">\n        <div class=\"eltdf-elements-holder-item-content eltdf-elements-holder-custom-478405\" style=\"padding: 0 9% 11.5% 14%\">\n            <div class=\"eltdf-elements-holder-item-content-inner\">\n                [vc_column_text]<\/p>\n<h2><\/h2>\n<p>[\/vc_column_text][vc_empty_space height=&#8221;5px&#8221;][vc_column_text][\/vc_column_text][vc_empty_space height=&#8221;24px&#8221;]            <\/div>\n        <\/div>\n    <\/div>\n    <\/div><\/div>[\/vc_column][\/vc_row][vc_row][vc_column]<div class=\"eltdf-elements-holder eltdf-responsive-mode-1024\" ><div class=\"eltdf-elements-holder-item eltdf-width-1-4 eltdf-vertical-alignment-middle eltdf-horizontal-alignment-center eltdf-fade-in\" data-animation=\"eltdf-fade-in\" data-item-class=\"eltdf-elements-holder-custom-751449\"  data-768-1024=\"22% 0\" data-600-768=\"26% 0\" data-480-600=\"135px 0\" data-480=\"135px 0\" style=\"transition-delay:250ms;-webkit-transition-delay:250ms;background-color: #2d2d2d\">\n        <div class=\"eltdf-elements-holder-item-inner\">\n        <div class=\"eltdf-elements-holder-item-content eltdf-elements-holder-custom-751449\" >\n            <div class=\"eltdf-elements-holder-item-content-inner\">\n                <div class=\"eltdf-team-holder  eltdf-main-info-on-hover\">\n\t<div class=\"eltdf-team-inner\">\n\t\t\t\t\t<div class=\"eltdf-team-image\">\n\t            <img loading=\"lazy\" decoding=\"async\" width=\"650\" height=\"899\" src=\"https:\/\/staging.formcph.com\/wp-content\/uploads\/2018\/12\/Annette_portraet.jpg\" class=\"attachment-full size-full\" alt=\"\" srcset=\"https:\/\/staging.formcph.com\/wp-content\/uploads\/2018\/12\/Annette_portraet.jpg 650w, https:\/\/staging.formcph.com\/wp-content\/uploads\/2018\/12\/Annette_portraet-217x300.jpg 217w\" sizes=\"(max-width: 650px) 100vw, 650px\" \/>\t\t\t\t<div class=\"eltdf-team-info\">\n\t\t\t\t\t<div class=\"eltdf-team-info-holder\">\n\t\t\t\t\t\t<div class=\"eltdf-team-info-inner\">\n\t\t\t\t\t\t\t\t\t\t\t\t\t\t\t<h4 class=\"eltdf-team-name\" >Annette R. Hayden<\/h4>\n\t\t\t\t\t\t\t\t\t\t\t\t\t\t\t\t\t\t\t\t\t\t<h6 class=\"eltdf-team-position\" >Indretningsarkitekt\/Designer MDD<\/h6>\n\t\t\t\t\t\t\t\t\t\t\t\t\t\t\t\t\t\t\t\t\t\t<p class=\"eltdf-team-excerpt\" >M: +45 28 69 27 16<\/p>\n\t\t\t\t\t\t\t                            \t\t\t\t\t\t<\/div>\n\t\t\t\t\t<\/div>\n\t\t\t\t<\/div>\n\t\t\t<\/div>\n\t\t\t<\/div>\n<\/div>            <\/div>\n        <\/div>\n    <\/div>\n    <\/div><div class=\"eltdf-elements-holder-item eltdf-width-1-4 eltdf-vertical-alignment-middle eltdf-horizontal-alignment-center eltdf-fade-in\" data-animation=\"eltdf-fade-in\" data-item-class=\"eltdf-elements-holder-custom-450111\" data-768-1024=\"22% 0\" data-600-768=\"26% 0\" data-480-600=\"135px 0\" data-480=\"135px 0\" style=\"transition-delay:250ms;-webkit-transition-delay:250ms;background-color: #2d2d2d\">\n        <div class=\"eltdf-elements-holder-item-inner\">\n        <div class=\"eltdf-elements-holder-item-content eltdf-elements-holder-custom-450111\" >\n            <div class=\"eltdf-elements-holder-item-content-inner\">\n                <div class=\"eltdf-team-holder  eltdf-main-info-on-hover\">\n\t<div class=\"eltdf-team-inner\">\n\t\t\t\t\t<div class=\"eltdf-team-image\">\n\t            <img loading=\"lazy\" decoding=\"async\" width=\"650\" height=\"899\" src=\"https:\/\/staging.formcph.com\/wp-content\/uploads\/2018\/12\/Charlotte_portraet.jpg\" class=\"attachment-full size-full\" alt=\"\" srcset=\"https:\/\/staging.formcph.com\/wp-content\/uploads\/2018\/12\/Charlotte_portraet.jpg 650w, https:\/\/staging.formcph.com\/wp-content\/uploads\/2018\/12\/Charlotte_portraet-217x300.jpg 217w\" sizes=\"(max-width: 650px) 100vw, 650px\" \/>\t\t\t\t<div class=\"eltdf-team-info\">\n\t\t\t\t\t<div class=\"eltdf-team-info-holder\">\n\t\t\t\t\t\t<div class=\"eltdf-team-info-inner\">\n\t\t\t\t\t\t\t\t\t\t\t\t\t\t\t<h4 class=\"eltdf-team-name\" >Charlotte Schunck<\/h4>\n\t\t\t\t\t\t\t\t\t\t\t\t\t\t\t\t\t\t\t\t\t\t<h6 class=\"eltdf-team-position\" >Indretningsarkitekt\/Designer MDD<\/h6>\n\t\t\t\t\t\t\t\t\t\t\t\t\t\t\t\t\t\t\t\t\t\t<p class=\"eltdf-team-excerpt\" >M: +45 40 33 41 73<\/p>\n\t\t\t\t\t\t\t                            \t\t\t\t\t\t<\/div>\n\t\t\t\t\t<\/div>\n\t\t\t\t<\/div>\n\t\t\t<\/div>\n\t\t\t<\/div>\n<\/div>            <\/div>\n        <\/div>\n    <\/div>\n    <\/div><div class=\"eltdf-elements-holder-item eltdf-width-1-4 eltdf-vertical-alignment-middle eltdf-horizontal-alignment-center eltdf-fade-in\" data-animation=\"eltdf-fade-in\" data-item-class=\"eltdf-elements-holder-custom-368025\" data-1280-1440=\"23.8% 0 26.5%\" data-1024-1280=\"23.8% 0 26.5%\" data-768-1024=\"8.8% 0 11.5%\" data-600-768=\"8.8% 0 11.5%\" data-480-600=\"10.4% 0 12.6%\" data-480=\"48px 0 65px\" style=\"transition-delay:500ms;-webkit-transition-delay:500ms;background-color: #2d2d2d\">\n        <div class=\"eltdf-elements-holder-item-inner\">\n        <div class=\"eltdf-elements-holder-item-content eltdf-elements-holder-custom-368025\" style=\"padding: 28.5% 0 28.5%\">\n            <div class=\"eltdf-elements-holder-item-content-inner\">\n                [vc_empty_space height=&#8221;12px&#8221;][vc_column_text]<\/p>\n<h3><span style=\"color: #ffffff;\">Kontakt os<\/span><\/h3>\n<p>[\/vc_column_text][vc_empty_space height=&#8221;1px&#8221;][vc_column_text]<\/p>\n<h5><span style=\"color: #aaaaaa;\">Telefon:<\/span> <span style=\"color: #ffffff;\">+45 2869 2716 \/ +45 4033 4173<\/span><br \/>\n<span style=\"color: #aaaaaa;\">Email:<\/span><a href=\"mailto:info@staging.formcph.com\"><span style=\"color: #ffffff;\"> info@staging.formcph.com<\/span><\/a><br \/>\n<span style=\"color: #aaaaaa;\">Web:<\/span> <a href=\"https:\/\/themeforest.net\/user\/elated-themes\" target=\"_blank\" rel=\"noopener\"><span style=\"color: #ffffff;\">www.formcph.com<\/span><\/a><\/h5>\n<p>[\/vc_column_text]<div class=\"eltdf-separator-holder clearfix  eltdf-separator-center eltdf-separator-normal\">\n\t<div class=\"eltdf-separator\" style=\"border-color: #ef8615;border-style: solid;width: 79px;border-bottom-width: 2px;margin-top: 16px;margin-bottom: 0px\"><\/div>\n<\/div>\n[vc_empty_space height=&#8221;24px&#8221;]    <span class=\"eltdf-icon-shortcode eltdf-normal\" style=\"margin: 0 11px 0 0\" data-hover-color=\"#f47a16\" data-color=\"#858585\">\n                    <a itemprop=\"url\" class=\"\" href=\"https:\/\/www.facebook.com\/formcphaps\" target=\"_blank\">\n                    <span aria-hidden=\"true\" class=\"eltdf-icon-font-elegant social_facebook eltdf-icon-element\" style=\"color: #858585;font-size:15px\" ><\/span>                    <\/a>\n            <\/span>\n    <span class=\"eltdf-icon-shortcode eltdf-normal\" style=\"margin: 0 11px 0 0\" data-hover-color=\"#f47a16\" data-color=\"#858585\">\n                    <a itemprop=\"url\" class=\"\" href=\"https:\/\/www.linkedin.com\/company\/formcph\/about\/\" target=\"_blank\">\n                    <span aria-hidden=\"true\" class=\"eltdf-icon-font-elegant social_linkedin eltdf-icon-element\" style=\"color: #858585;font-size:15px\" ><\/span>                    <\/a>\n            <\/span>\n    <span class=\"eltdf-icon-shortcode eltdf-normal\" style=\"margin: 0 11px 0 0\" data-hover-color=\"#f47a16\" data-color=\"#858585\">\n                    <a itemprop=\"url\" class=\"\" href=\"https:\/\/www.instagram.com\/formcph\/\" target=\"_blank\">\n                    <span aria-hidden=\"true\" class=\"eltdf-icon-font-elegant social_instagram eltdf-icon-element\" style=\"color: #858585;font-size:15px\" ><\/span>                    <\/a>\n            <\/span>\n            <\/div>\n        <\/div>\n    <\/div>\n    <\/div><div class=\"eltdf-elements-holder-item eltdf-width-1-4 eltdf-vertical-alignment-middle eltdf-horizontal-alignment-left eltdf-fade-in eltdf-elements-holder-with-zoom\" data-animation=\"eltdf-fade-in\" data-item-class=\"eltdf-elements-holder-custom-591221\" data-768-1024=\"22% 0\" data-600-768=\"26% 0\" data-480-600=\"135px 0\" data-480=\"135px 0\" style=\"transition-delay:750ms;-webkit-transition-delay:750ms\">\n        <div class=\"eltdf-elements-holder-item-inner\">\n        <div class=\"eltdf-elements-holder-item-content eltdf-elements-holder-custom-591221\" >\n            <div class=\"eltdf-elements-holder-item-content-inner\">\n                            <\/div>\n        <\/div>\n    <\/div>\n            <div class=\"eltdf-elements-holder-item-image-zoom\" style=\"background-image: url(https:\/\/staging.formcph.com\/wp-content\/uploads\/2017\/01\/billede_detalje_mnegl.jpg)\"><\/div>\n    <\/div><\/div>[\/vc_column][\/vc_row][vc_row][vc_column][vc_empty_space height=&#8221;5px&#8221; css=&#8221;.vc_custom_1691591379584{background-image: url(https:\/\/staging.formcph.com\/wp-content\/uploads\/2023\/08\/Forside_Linje_Orange_f36f15.png?id=8855) !important;}&#8221;][vc_column_text]<\/p>\n<p>[\/vc_column_text][\/vc_column][\/vc_row]<\/p>\n","protected":false},"excerpt":{"rendered":"<p>[vc_row][vc_column][\/vc_column][\/vc_row][vc_row][vc_column][\/vc_column][\/vc_row][vc_row][vc_column][\/vc_column][\/vc_row][vc_row][vc_column][\/vc_column][\/vc_row][vc_row][vc_column][vc_empty_space height=&#8221;5px&#8221; css=&#8221;.vc_custom_1691591379584{background-image: url(https:\/\/staging.formcph.com\/wp-content\/uploads\/2023\/08\/Forside_Linje_Orange_f36f15.png?id=8855) !important;}&#8221;][vc_column_text] [\/vc_column_text][\/vc_column][\/vc_row]<\/p>\n","protected":false},"author":1,"featured_media":0,"parent":0,"menu_order":0,"comment_status":"closed","ping_status":"closed","template":"full-width.php","meta":{"footnotes":""},"_links":{"self":[{"href":"https:\/\/staging.formcph.com\/index.php?rest_route=\/wp\/v2\/pages\/4358"}],"collection":[{"href":"https:\/\/staging.formcph.com\/index.php?rest_route=\/wp\/v2\/pages"}],"about":[{"href":"https:\/\/staging.formcph.com\/index.php?rest_route=\/wp\/v2\/types\/page"}],"author":[{"embeddable":true,"href":"https:\/\/staging.formcph.com\/index.php?rest_route=\/wp\/v2\/users\/1"}],"replies":[{"embeddable":true,"href":"https:\/\/staging.formcph.com\/index.php?rest_route=%2Fwp%2Fv2%2Fcomments&post=4358"}],"version-history":[{"count":242,"href":"https:\/\/staging.formcph.com\/index.php?rest_route=\/wp\/v2\/pages\/4358\/revisions"}],"predecessor-version":[{"id":10058,"href":"https:\/\/staging.formcph.com\/index.php?rest_route=\/wp\/v2\/pages\/4358\/revisions\/10058"}],"wp:attachment":[{"href":"https:\/\/staging.formcph.com\/index.php?rest_route=%2Fwp%2Fv2%2Fmedia&parent=4358"}],"curies":[{"name":"wp","href":"https:\/\/api.w.org\/{rel}","templated":true}]}}