{"id":5255,"date":"2017-02-01T11:53:13","date_gmt":"2017-02-01T11:53:13","guid":{"rendered":"http:\/\/ambient.elated-themes.com\/?page_id=5255"},"modified":"2023-12-14T12:29:44","modified_gmt":"2023-12-14T11:29:44","slug":"om-os","status":"publish","type":"page","link":"https:\/\/staging.formcph.com\/?page_id=5255","title":{"rendered":"Om os"},"content":{"rendered":"<p>[vc_row][vc_column][vc_column_text]<\/p>\n<div class=\"vce-row-container\">\n<div id=\"el-b9a7d19d\" class=\"vce-row vce-row--col-gap-30 vce-row-columns--top vce-row-content--top\" data-vce-do-apply=\"all el-b9a7d19d\">\n<div class=\"vce-row-content\">\n<div id=\"el-c9b9a185\" class=\"vce-col vce-col--md-100p vce-col--xs-1 vce-col--xs-last vce-col--xs-first vce-col--sm-last vce-col--sm-first vce-col--md-last vce-col--lg-last vce-col--xl-last vce-col--md-first vce-col--lg-first vce-col--xl-first\">\n<div class=\"vce-col-inner\" data-vce-do-apply=\"margin padding border background el-c9b9a185\">\n<div class=\"vce-text-block\">\n<div id=\"el-4acae56d\" class=\"vce-text-block-wrapper vce\" data-vce-do-apply=\"all el-4acae56d\">\n<p>[\/vc_column_text][\/vc_column][\/vc_row][vc_row content_text_aligment=&#8221;center&#8221; css=&#8221;.vc_custom_1701715042689{padding-top: 0px !important;padding-bottom: 75px !important;background: #2d2d2d url(https:\/\/staging.formcph.com\/wp-content\/uploads\/2023\/12\/Header-Pic-Om-os-v2.jpg?id=10015) !important;background-position: center !important;background-repeat: no-repeat !important;background-size: cover !important;}&#8221;][vc_column offset=&#8221;vc_col-md-12&#8243;][vc_row_inner row_content_width=&#8221;grid&#8221; content_text_aligment=&#8221;center&#8221; css=&#8221;.vc_custom_1551887675096{padding-top: 100px !important;}&#8221;][vc_column_inner offset=&#8221;vc_col-lg-offset-3 vc_col-lg-6 vc_col-md-offset-1 vc_col-md-10&#8243;][vc_empty_space height=&#8221;172px&#8221;][vc_empty_space height=&#8221;5px&#8221;][vc_column_text]<\/p>\n<h2><span style=\"color: #ffffff;\"><span style=\"font-weight: 200;\">Vores mission<\/span> <\/span><\/h2>\n<p>[\/vc_column_text][vc_empty_space height=&#8221;6px&#8221;][vc_column_text]<\/p>\n<h5><span style=\"color: #fefefe;\">Er at skabe helst\u00f8bte indretningsl\u00f8sninger, der mere end im\u00f8dekommer jeres behov og udfordrer jer som kunde, s\u00e5 I f\u00e5r den bedste l\u00f8sning.<\/span><\/h5>\n<p>[\/vc_column_text][\/vc_column_inner][\/vc_row_inner][\/vc_column][\/vc_row][vc_row css=&#8221;.vc_custom_1551887720266{padding-top: 170px !important;padding-bottom: 20px !important;background-color: #f7f5f5 !important;}&#8221;][vc_column][vc_row_inner row_content_width=&#8221;grid&#8221; css=&#8221;.vc_custom_1485852024237{margin-top: -247px !important;background-color: #ffffff !important;}&#8221;][vc_column_inner width=&#8221;1\/4&#8243; css=&#8221;.vc_custom_1487074556155{border-right-width: 1px !important;padding-top: 19.4% !important;padding-right: 10% !important;padding-bottom: 21.8% !important;padding-left: 10% !important;border-right-color: #e1e1e1 !important;border-right-style: solid !important;}&#8221;]<div class=\"eltdf-iwt clearfix eltdf-iwt-icon-top eltdf-iwt-icon-medium\">\n    <div class=\"eltdf-iwt-icon\">\n                                    <img loading=\"lazy\" decoding=\"async\" width=\"70\" height=\"70\" src=\"https:\/\/staging.formcph.com\/wp-content\/uploads\/2017\/02\/icon-01-e1580558211728.png\" class=\"attachment-full size-full\" alt=\"\" \/>                        <\/div>\n    <div class=\"eltdf-iwt-content\" >\n\t    \t        <h4 class=\"eltdf-iwt-title\" >\n\t\t\t    \t               Kompetencer\t\t\t                <\/h4>\n\t    \t\t            <p class=\"eltdf-iwt-text\" >Vi er uddannede indretningsarkitekter med stor erfaring. Vi kender krav og reglementer, og vi har fingeren p\u00e5 pulsen \u2013 s\u00e5 vi er opdaterede p\u00e5 trends og produkter.<\/p>\n\t\t    <\/div>\n<\/div>[vc_empty_space height=&#8221;8px&#8221;]<div class=\"eltdf-separator-holder clearfix  eltdf-separator-center eltdf-separator-normal\">\n\t<div class=\"eltdf-separator\" style=\"border-color: #f47a16;width: 80px;border-bottom-width: 2px\"><\/div>\n<\/div>\n[\/vc_column_inner][vc_column_inner width=&#8221;1\/4&#8243; css=&#8221;.vc_custom_1487074533896{border-right-width: 1px !important;padding-top: 19.4% !important;padding-right: 10% !important;padding-bottom: 21.8% !important;padding-left: 10% !important;border-right-color: #e1e1e1 !important;border-right-style: solid !important;}&#8221;]<div class=\"eltdf-iwt clearfix eltdf-iwt-icon-top eltdf-iwt-icon-medium\">\n    <div class=\"eltdf-iwt-icon\">\n                                    <img loading=\"lazy\" decoding=\"async\" width=\"70\" height=\"70\" src=\"https:\/\/staging.formcph.com\/wp-content\/uploads\/2017\/02\/icon-02-e1580558184543.png\" class=\"attachment-full size-full\" alt=\"\" \/>                        <\/div>\n    <div class=\"eltdf-iwt-content\" >\n\t    \t        <h4 class=\"eltdf-iwt-title\" >\n\t\t\t    \t               Kundefokus\t\t\t                <\/h4>\n\t    \t\t            <p class=\"eltdf-iwt-text\" >Vi tager udgangspunkt i jeres behov. Vi bruger vores ekspertise og kreativitet til at komme med l\u00f8sninger, der rammer plet, og som I ikke selv har set.<\/p>\n\t\t    <\/div>\n<\/div>[vc_empty_space height=&#8221;8px&#8221;]<div class=\"eltdf-separator-holder clearfix  eltdf-separator-center eltdf-separator-normal\">\n\t<div class=\"eltdf-separator\" style=\"border-color: #f47a16;width: 80px;border-bottom-width: 2px\"><\/div>\n<\/div>\n[\/vc_column_inner][vc_column_inner width=&#8221;1\/4&#8243; css=&#8221;.vc_custom_1702553353703{border-right-width: 1px !important;padding-top: 19.4% !important;padding-right: 10% !important;padding-bottom: 21.8% !important;padding-left: 10% !important;border-right-color: #e1e1e1 !important;border-right-style: solid !important;}&#8221;]<div class=\"eltdf-iwt clearfix eltdf-iwt-icon-top eltdf-iwt-icon-medium\">\n    <div class=\"eltdf-iwt-icon\">\n                                    <img loading=\"lazy\" decoding=\"async\" width=\"70\" height=\"70\" src=\"https:\/\/staging.formcph.com\/wp-content\/uploads\/2017\/02\/icon-03-e1580558192408.png\" class=\"attachment-full size-full\" alt=\"\" \/>                        <\/div>\n    <div class=\"eltdf-iwt-content\" >\n\t    \t        <h4 class=\"eltdf-iwt-title\" >\n\t\t\t    \t               Passion\t\t\t                <\/h4>\n\t    \t\t            <p class=\"eltdf-iwt-text\" >Vi er passionerede og br\u00e6nder for det, vi laver. Det m\u00e6rker man fra allerf\u00f8rste m\u00f8de, hvor vi nysgerrigt lytter til jeres tanker. Vi udfordrer jer ogs\u00e5 \u2013 s\u00e5dan sikrer vi et resultat, der begejstrer.<\/p>\n\t\t    <\/div>\n<\/div>[vc_empty_space height=&#8221;8px&#8221;]<div class=\"eltdf-separator-holder clearfix  eltdf-separator-center eltdf-separator-normal\">\n\t<div class=\"eltdf-separator\" style=\"border-color: #f47a16;width: 80px;border-bottom-width: 2px\"><\/div>\n<\/div>\n[\/vc_column_inner][vc_column_inner width=&#8221;1\/4&#8243; css=&#8221;.vc_custom_1702553232338{border-right-width: 1% !important;padding-top: 19.4% !important;padding-right: 10% !important;padding-bottom: 21.8% !important;padding-left: 10% !important;border-right-color: #e1e1e1 !important;border-right-style: solid !important;}&#8221;]<div class=\"eltdf-iwt clearfix eltdf-iwt-icon-top eltdf-iwt-icon-medium\">\n    <div class=\"eltdf-iwt-icon\">\n                                    <img loading=\"lazy\" decoding=\"async\" width=\"70\" height=\"70\" src=\"https:\/\/staging.formcph.com\/wp-content\/uploads\/2017\/02\/icon-04-e1580558200431.png\" class=\"attachment-full size-full\" alt=\"\" \/>                        <\/div>\n    <div class=\"eltdf-iwt-content\" >\n\t    \t        <h4 class=\"eltdf-iwt-title\" >\n\t\t\t    \t               Ansvarlighed\t\t\t                <\/h4>\n\t    \t\t            <p class=\"eltdf-iwt-text\" >Vi er grundige og ansvarsbevidste og f\u00f8lger altid vores projekter til d\u00f8rs. Et nyt udtryk udelukker ikke genbrug. Vi har stor fokus p\u00e5 b\u00e6redygtighed og evt. genanvendelse og renovering af eksisterende m\u00f8bler.<\/p>\n\t\t    <\/div>\n<\/div>[vc_empty_space height=&#8221;8px&#8221;]<div class=\"eltdf-separator-holder clearfix  eltdf-separator-center eltdf-separator-normal\">\n\t<div class=\"eltdf-separator\" style=\"border-color: #f47a16;width: 80px;border-bottom-width: 2px\"><\/div>\n<\/div>\n[\/vc_column_inner][\/vc_row_inner][\/vc_column][\/vc_row][vc_row css=&#8221;.vc_custom_1575202479511{padding-top: 10px !important;padding-bottom: 139px !important;background-color: #f7f5f5 !important;}&#8221;][vc_column css=&#8221;.vc_custom_1551803924344{padding-right: 30px !important;padding-left: 30px !important;}&#8221;][vc_row_inner][vc_column_inner offset=&#8221;vc_col-lg-offset-3 vc_col-lg-6 vc_col-md-offset-1 vc_col-md-10 vc_col-xs-12&#8243; css=&#8221;.vc_custom_1551997390124{padding-right: 5% !important;padding-left: 5% !important;}&#8221;]<div class=\"eltdf-testimonials-holder  eltdf-testimonials-standard eltdf-dark-skin clearfix\"><div class=\"eltdf-testimonials\" data-number=\"-1\" data-speed=\"15000\" data-animation-speed=\"600\" data-nav-arrows=\"yes\" data-nav-dots=\"yes\"><div class=\"eltdf-testimonial-content\" id=\"eltdf-testimonials-9529\">\n    <div class=\"eltdf-testimonial-text-holder\">\n                    <h2 class=\"eltdf-testimonial-title\">Holm Kommunikation<\/h2>\n                            <p class=\"eltdf-testimonial-text\">&quot;formCPH var kreative, inspirerende, og ikke mindst dygtige til at lytte til os og forst\u00e5 vores behov. De s\u00f8rgede for, at processen var veltilrettelagt og forl\u00f8b efter planen, og vi kunne hele tiden sp\u00f8rge og f\u00e5 gode svar, hvis vi var i tvivl om dele at projektet eller havde brug for nye indspark.&quot;<\/p>\n                            <div class=\"eltdf-testimonial-author-holder\">\n                <h6 class=\"eltdf-testimonial-author\">Mathias Holm Pedersen <\/h6>\n                                    <h6 class=\"eltdf-testimonial-position\">Partner Holm Kommunikation<\/h6>\n                            <\/div>\n            <\/div>\n    <\/div><div class=\"eltdf-testimonial-content\" id=\"eltdf-testimonials-8626\">\n    <div class=\"eltdf-testimonial-text-holder\">\n                    <h2 class=\"eltdf-testimonial-title\">SUMMIT CONSULTING<\/h2>\n                            <p class=\"eltdf-testimonial-text\">&quot;Alt det som vi ikke kan i forhold til rummets funktionalitet, form, farver og design \u2013 det kan formcph. Og dette med stor respekt for vores virksomhed, det vi st\u00e5r for med den identitet og det omd\u00f8mme som vores kunder, relationer og g\u00e6ster m\u00f8der i rummene fra reception, arbejdspladser, m\u00f8delokaler og alt derimellem&quot;<\/p>\n                            <div class=\"eltdf-testimonial-author-holder\">\n                <h6 class=\"eltdf-testimonial-author\">Karsten S\u00f8derberg<\/h6>\n                                    <h6 class=\"eltdf-testimonial-position\">Group CEO, Summit<\/h6>\n                            <\/div>\n            <\/div>\n    <\/div><div class=\"eltdf-testimonial-content\" id=\"eltdf-testimonials-8625\">\n    <div class=\"eltdf-testimonial-text-holder\">\n                    <h2 class=\"eltdf-testimonial-title\">PHARMAKON<\/h2>\n                            <p class=\"eltdf-testimonial-text\">&quot;Dialogen er rigtig god op til en opgave og formcph t\u00f8r udfordre os p\u00e5 den gode m\u00e5de. Opl\u00e6gget tager altid hensyn til husets arkitektur, funktionaliteten og vores \u00f8nsker&quot;<\/p>\n                            <div class=\"eltdf-testimonial-author-holder\">\n                <h6 class=\"eltdf-testimonial-author\">Lene Schade Poulsen<\/h6>\n                                    <h6 class=\"eltdf-testimonial-position\">Konferencechef Pharmakon<\/h6>\n                            <\/div>\n            <\/div>\n    <\/div><div class=\"eltdf-testimonial-content\" id=\"eltdf-testimonials-8623\">\n    <div class=\"eltdf-testimonial-text-holder\">\n                    <h2 class=\"eltdf-testimonial-title\">Q8<\/h2>\n                            <p class=\"eltdf-testimonial-text\">&quot;formcph\u00b4s evne til hurtigt at forst\u00e5 og leve sig ind i kundens \u00f8nsker og til at oms\u00e6tte dem til opfyldelse af vores behov, har v\u00e6ret enest\u00e5ende og det er tydeligt, at formcph arbejder for kunden frem for sig selv og egne interesser. Med formcph\u00b4s kyndige vejledning, er vi lykkedes med at skabe en ny og inspirerende ramme om vore medarbejderes daglige arbejde \u2013 og bedst af alt; de er super glade og taknemmelige&quot;<\/p>\n                            <div class=\"eltdf-testimonial-author-holder\">\n                <h6 class=\"eltdf-testimonial-author\">Morten Uttrup<\/h6>\n                                    <h6 class=\"eltdf-testimonial-position\">Teknisk chef<\/h6>\n                            <\/div>\n            <\/div>\n    <\/div><div class=\"eltdf-testimonial-content\" id=\"eltdf-testimonials-7995\">\n    <div class=\"eltdf-testimonial-text-holder\">\n                    <h2 class=\"eltdf-testimonial-title\">RUNGSTEDGAARD<\/h2>\n                            <p class=\"eltdf-testimonial-text\">\u201dformcph har god forst\u00e5else for, at funktionalitet og vedligeholdelses-venlighed skal st\u00e5 i balance med \u00e6stetikken - de ved at det ikke er godt nok at noget er p\u00e6nt, hvis det ikke kan t\u00e5le &quot;professionel slitage&quot;. De er heller ikke bange for at udfordre de ideer vi selv er kommet med, for de vil kunne st\u00e5 inde for deres l\u00f8sninger\u201d.<\/p>\n                            <div class=\"eltdf-testimonial-author-holder\">\n                <h6 class=\"eltdf-testimonial-author\">Stine Gregersen Kold <\/h6>\n                                    <h6 class=\"eltdf-testimonial-position\">Hoteldirekt\u00f8r Rungstedgaard<\/h6>\n                            <\/div>\n            <\/div>\n    <\/div><\/div><\/div>[\/vc_column_inner][\/vc_row_inner][\/vc_column][\/vc_row][vc_row css=&#8221;.vc_custom_1580558997229{padding-top: 150px !important;padding-bottom: 75px !important;background-color: #f7f5f5 !important;}&#8221;][vc_column][vc_row_inner row_content_width=&#8221;grid&#8221; css=&#8221;.vc_custom_1701094631488{margin-top: -247px !important;padding-right: 0px !important;padding-left: 0px !important;background-color: #ffffff !important;}&#8221;][vc_column_inner css=&#8221;.vc_custom_1701094720946{border-right-width: 1px !important;padding-top: 5.4% !important;padding-right: 10% !important;padding-bottom: 9% !important;padding-left: 10% !important;border-right-color: #e1e1e1 !important;border-right-style: dotted !important;}&#8221; offset=&#8221;vc_col-xs-12&#8243;]<div class=\"eltdf-elements-holder eltdf-responsive-mode-1024\" ><div class=\"eltdf-elements-holder-item eltdf-width-1-1 eltdf-vertical-alignment-middle eltdf-horizontal-alignment-left eltdf-fade-in\" data-animation=\"eltdf-fade-in\" data-item-class=\"eltdf-elements-holder-custom-123372\" >\n        <div class=\"eltdf-elements-holder-item-inner\">\n        <div class=\"eltdf-elements-holder-item-content eltdf-elements-holder-custom-123372\" >\n            <div class=\"eltdf-elements-holder-item-content-inner\">\n                [vc_empty_space height=&#8221;10px&#8221;][vc_column_text css_animation=&#8221;fadeIn&#8221;]<\/p>\n<h3>Uddannede indretningsarkitekter<\/h3>\n<h4>\u2013 nysgerrighed er vores inspiration, begejstring er vores m\u00e5l<\/h4>\n<p><strong>form<\/strong>cph blev etableret i 2012 af Annette R. Hayden og Charlotte Schunck. Vi er begge uddannede indretningsarkitekter\/designere MDD fra Danmarks Designskole, og vores samarbejde begyndte, l\u00e6nge f\u00f8r vi blev partnere.<\/p>\n<p>Selv finder vi inspiration ved at opleve, se og m\u00e6rke rum, design og materialer. Det g\u00f8r vi bl.a. p\u00e5 messer herhjemme og i udlandet, p\u00e5 fabriksbes\u00f8g hos sp\u00e6ndende producenter, og ved blot at v\u00e6re nysgerrige.<\/p>\n<p>Vi har altid v\u00e6ret drevet af at skabe begejstring gennem l\u00f8sninger, der g\u00f8r en forskel, for jer som kunde og for dem, som i sidste ende bruger eller f\u00e6rdes i de indrettede lokaler.[\/vc_column_text]            <\/div>\n        <\/div>\n    <\/div>\n    <\/div><\/div>[\/vc_column_inner][\/vc_row_inner][\/vc_column][\/vc_row][vc_row css=&#8221;.vc_custom_1580561326571{background-color: #f7f5f5 !important;}&#8221;][vc_column][vc_empty_space height=&#8221;20px&#8221;][\/vc_column][\/vc_row][vc_row][vc_column][vc_column_text]<\/p><\/div>\n<\/div>\n<\/div>\n<\/div>\n<\/div>\n<\/div>\n<\/div>\n<p>[\/vc_column_text][\/vc_column][\/vc_row]<\/p>\n","protected":false},"excerpt":{"rendered":"<p>[vc_row][vc_column][vc_column_text] [\/vc_column_text][\/vc_column][\/vc_row][vc_row content_text_aligment=&#8221;center&#8221; css=&#8221;.vc_custom_1701715042689{padding-top: 0px !important;padding-bottom: 75px !important;background: #2d2d2d url(https:\/\/staging.formcph.com\/wp-content\/uploads\/2023\/12\/Header-Pic-Om-os-v2.jpg?id=10015) !important;background-position: center !important;background-repeat: no-repeat !important;background-size: cover !important;}&#8221;][vc_column offset=&#8221;vc_col-md-12&#8243;][vc_row_inner row_content_width=&#8221;grid&#8221; content_text_aligment=&#8221;center&#8221; css=&#8221;.vc_custom_1551887675096{padding-top: 100px !important;}&#8221;][vc_column_inner offset=&#8221;vc_col-lg-offset-3 vc_col-lg-6 vc_col-md-offset-1 vc_col-md-10&#8243;][vc_empty_space height=&#8221;172px&#8221;][vc_empty_space height=&#8221;5px&#8221;][vc_column_text] Vores mission [\/vc_column_text][vc_empty_space height=&#8221;6px&#8221;][vc_column_text] Er at skabe helst\u00f8bte indretningsl\u00f8sninger, der mere end im\u00f8dekommer jeres behov og [&hellip;]<\/p>\n","protected":false},"author":1,"featured_media":0,"parent":0,"menu_order":0,"comment_status":"closed","ping_status":"closed","template":"full-width.php","meta":{"footnotes":""},"_links":{"self":[{"href":"https:\/\/staging.formcph.com\/index.php?rest_route=\/wp\/v2\/pages\/5255"}],"collection":[{"href":"https:\/\/staging.formcph.com\/index.php?rest_route=\/wp\/v2\/pages"}],"about":[{"href":"https:\/\/staging.formcph.com\/index.php?rest_route=\/wp\/v2\/types\/page"}],"author":[{"embeddable":true,"href":"https:\/\/staging.formcph.com\/index.php?rest_route=\/wp\/v2\/users\/1"}],"replies":[{"embeddable":true,"href":"https:\/\/staging.formcph.com\/index.php?rest_route=%2Fwp%2Fv2%2Fcomments&post=5255"}],"version-history":[{"count":403,"href":"https:\/\/staging.formcph.com\/index.php?rest_route=\/wp\/v2\/pages\/5255\/revisions"}],"predecessor-version":[{"id":10062,"href":"https:\/\/staging.formcph.com\/index.php?rest_route=\/wp\/v2\/pages\/5255\/revisions\/10062"}],"wp:attachment":[{"href":"https:\/\/staging.formcph.com\/index.php?rest_route=%2Fwp%2Fv2%2Fmedia&parent=5255"}],"curies":[{"name":"wp","href":"https:\/\/api.w.org\/{rel}","templated":true}]}}