{"id":9372,"date":"2023-10-20T17:52:51","date_gmt":"2023-10-20T16:52:51","guid":{"rendered":"https:\/\/staging.formcph.com\/?page_id=9372"},"modified":"2023-12-12T18:13:51","modified_gmt":"2023-12-12T17:13:51","slug":"kontakt","status":"publish","type":"page","link":"https:\/\/staging.formcph.com\/?page_id=9372","title":{"rendered":"Kontakt"},"content":{"rendered":"<p>[vc_row][vc_column][vc_column_text]<\/p>\n<div class=\"vce-row-container\">\n<div id=\"el-b9a7d19d\" class=\"vce-row vce-row--col-gap-30 vce-row-columns--top vce-row-content--top\" data-vce-do-apply=\"all el-b9a7d19d\">\n<div class=\"vce-row-content\">\n<div id=\"el-c9b9a185\" class=\"vce-col vce-col--md-100p vce-col--xs-1 vce-col--xs-last vce-col--xs-first vce-col--sm-last vce-col--sm-first vce-col--md-last vce-col--lg-last vce-col--xl-last vce-col--md-first vce-col--lg-first vce-col--xl-first\">\n<div class=\"vce-col-inner\" data-vce-do-apply=\"margin padding border background el-c9b9a185\">\n<div class=\"vce-text-block\">\n<div id=\"el-4acae56d\" class=\"vce-text-block-wrapper vce\" data-vce-do-apply=\"all el-4acae56d\">\n<p>[\/vc_column_text][\/vc_column][\/vc_row][vc_row content_text_aligment=&#8221;left&#8221; css=&#8221;.vc_custom_1698392877491{padding-top: 0px !important;padding-bottom: 75px !important;background: #2d2d2d url(https:\/\/staging.formcph.com\/wp-content\/uploads\/2023\/10\/DSC_2393-ab-scaled.jpg?id=9629) !important;background-position: center !important;background-repeat: no-repeat !important;background-size: cover !important;}&#8221;][vc_column offset=&#8221;vc_col-md-12&#8243;][vc_row_inner content_text_aligment=&#8221;left&#8221; css=&#8221;.vc_custom_1697823836813{padding-top: 100px !important;}&#8221;][vc_column_inner width=&#8221;2\/3&#8243; offset=&#8221;vc_col-lg-offset-2 vc_col-lg-8 vc_col-md-offset-1 vc_col-md-10&#8243; css=&#8221;.vc_custom_1697831479099{margin-left: 20px !important;}&#8221;][vc_column_text]<\/p>\n<h1><span style=\"color: #ffffff;\"><span style=\"font-weight: 200;\">Kontakt os<\/span><\/span><\/h1>\n<p>[\/vc_column_text][vc_empty_space height=&#8221;180px&#8221;][vc_empty_space height=&#8221;6px&#8221;][\/vc_column_inner][\/vc_row_inner][\/vc_column][\/vc_row][vc_row css=&#8221;.vc_custom_1551887720266{padding-top: 170px !important;padding-bottom: 20px !important;background-color: #f7f5f5 !important;}&#8221;][vc_column][vc_row_inner row_content_width=&#8221;grid&#8221; css=&#8221;.vc_custom_1485852024237{margin-top: -247px !important;background-color: #ffffff !important;}&#8221;][vc_column_inner css=&#8221;.vc_custom_1698451603491{margin-top: -15px !important;padding-right: 3% !important;padding-left: 3% !important;}&#8221;][vc_column_text css=&#8221;.vc_custom_1697725521069{margin-bottom: -10px !important;}&#8221;]<\/p>\n<h3>Fort\u00e6l os om jeres indretningsprojekt<\/h3>\n<p>[\/vc_column_text][vc_column_text]<\/p>\n<h4 style=\"font-weight: 400;\">\u2013 eller m\u00f8d os p\u00e5 vores tegnestue<\/h4>\n<p>[\/vc_column_text][vc_empty_space height=&#8221;30px&#8221;][vc_column_text]<\/p>\n<h3>Inspiration og r\u00e5dgivning p\u00e5 hylderne<\/h3>\n<p>[\/vc_column_text][vc_column_text css=&#8221;.vc_custom_1700843407555{margin-top: -2px !important;}&#8221;]Bes\u00f8g vores tegnestue og showroom p\u00e5 smukke Frederiksberg All\u00e9 i K\u00f8benhavn. Her f\u00e5r I en god fornemmelse af <strong>form<\/strong>cph og vores personlige stil og inspiration.<br \/>\nVi er til stede inden for normal arbejdstid, men vi anbefaler, at I laver en aftale forud for jeres bes\u00f8g, s\u00e5 vi er sikre p\u00e5, at vi kan tage godt imod jer.<br \/>\nI kan evt. lave en aftale via formularen her:[\/vc_column_text][vc_empty_space height=&#8221;40px&#8221;][\/vc_column_inner][vc_column_inner width=&#8221;1\/4&#8243; css=&#8221;.vc_custom_1697825086097{border-right-width: 1px !important;padding-right: 10% !important;padding-bottom: 20px !important;padding-left: 10% !important;border-right-color: #e1e1e1 !important;border-right-style: solid !important;}&#8221;]<div class=\"eltdf-image-with-text-holder\">\n    <div class=\"eltdf-iwt-image\">\n                                    <img loading=\"lazy\" decoding=\"async\" width=\"650\" height=\"899\" src=\"https:\/\/staging.formcph.com\/wp-content\/uploads\/2018\/12\/Annette_portraet.jpg\" class=\"attachment-full size-full\" alt=\"\" srcset=\"https:\/\/staging.formcph.com\/wp-content\/uploads\/2018\/12\/Annette_portraet.jpg 650w, https:\/\/staging.formcph.com\/wp-content\/uploads\/2018\/12\/Annette_portraet-217x300.jpg 217w\" sizes=\"(max-width: 650px) 100vw, 650px\" \/>                        <\/div>\n    <div class=\"eltdf-iwt-text-holder\">\n        \t\t    <\/div>\n<\/div>[vc_column_text css=&#8221;.vc_custom_1697723791950{margin-top: -30px !important;}&#8221;]<\/p>\n<h4>Annette R. Hayden<\/h4>\n<p>[\/vc_column_text][vc_column_text]Indretningsarkitekt\/Designer MDD[\/vc_column_text][vc_empty_space height=&#8221;4px&#8221;][vc_column_text css=&#8221;.vc_custom_1700843442160{margin-top: -5px !important;}&#8221;]M: +45 2869 2716[\/vc_column_text][vc_column_text css=&#8221;.vc_custom_1697722725440{margin-top: -5px !important;}&#8221;]<br \/>\n<a href=\"mailto:arh@staging.formcph.com\">arh@staging.formcph.com\u00a0<\/a><br \/>\n[\/vc_column_text][vc_empty_space height=&#8221;10px&#8221;]<div class=\"eltdf-separator-holder clearfix  eltdf-separator-center eltdf-separator-normal\">\n\t<div class=\"eltdf-separator\" style=\"border-color: #f47a16;width: 80px;border-bottom-width: 2px\"><\/div>\n<\/div>\n[\/vc_column_inner][vc_column_inner width=&#8221;1\/4&#8243; css=&#8221;.vc_custom_1697825107628{border-right-width: 1px !important;padding-right: 10% !important;padding-bottom: 20px !important;padding-left: 10% !important;border-right-color: #e1e1e1 !important;border-right-style: solid !important;}&#8221;]<div class=\"eltdf-image-with-text-holder\">\n    <div class=\"eltdf-iwt-image\">\n                                    <img loading=\"lazy\" decoding=\"async\" width=\"650\" height=\"899\" src=\"https:\/\/staging.formcph.com\/wp-content\/uploads\/2018\/12\/Charlotte_portraet.jpg\" class=\"attachment-full size-full\" alt=\"\" srcset=\"https:\/\/staging.formcph.com\/wp-content\/uploads\/2018\/12\/Charlotte_portraet.jpg 650w, https:\/\/staging.formcph.com\/wp-content\/uploads\/2018\/12\/Charlotte_portraet-217x300.jpg 217w\" sizes=\"(max-width: 650px) 100vw, 650px\" \/>                        <\/div>\n    <div class=\"eltdf-iwt-text-holder\">\n        \t\t    <\/div>\n<\/div>[vc_column_text css=&#8221;.vc_custom_1697723915615{margin-top: -30px !important;}&#8221;]<\/p>\n<h4>Charlotte Schunck<\/h4>\n<p>[\/vc_column_text][vc_column_text]Indretningsarkitekt\/Designer MDD[\/vc_column_text][vc_empty_space height=&#8221;4px&#8221;][vc_column_text css=&#8221;.vc_custom_1700843497644{margin-top: -5px !important;}&#8221;]M: +45 4033 4173[\/vc_column_text][vc_column_text css=&#8221;.vc_custom_1697722449962{margin-top: -5px !important;}&#8221;]<br \/>\n<a href=\"mailto:csc@staging.formcph.com\">csc@staging.formcph.com\u00a0<\/a><br \/>\n[\/vc_column_text][vc_empty_space height=&#8221;10px&#8221;]<div class=\"eltdf-separator-holder clearfix  eltdf-separator-center eltdf-separator-normal\">\n\t<div class=\"eltdf-separator\" style=\"border-color: #f47a16;width: 80px;border-bottom-width: 2px\"><\/div>\n<\/div>\n[\/vc_column_inner][vc_column_inner width=&#8221;1\/2&#8243; css=&#8221;.vc_custom_1697825132343{border-right-width: 1px !important;padding-top: 10px !important;padding-right: 10% !important;padding-bottom: 20px !important;padding-left: 10% !important;border-right-color: #ffffff !important;border-right-style: solid !important;}&#8221;][vc_empty_space height=&#8221;10px&#8221;]\n<div class=\"wpcf7 no-js\" id=\"wpcf7-f7647-o1\" lang=\"en-GB\" dir=\"ltr\">\n<div class=\"screen-reader-response\"><p role=\"status\" aria-live=\"polite\" aria-atomic=\"true\"><\/p> <ul><\/ul><\/div>\n<form action=\"\/index.php?rest_route=%2Fwp%2Fv2%2Fpages%2F9372#wpcf7-f7647-o1\" method=\"post\" class=\"wpcf7-form init cf7_custom_style_1\" aria-label=\"Contact form\" novalidate=\"novalidate\" data-status=\"init\">\n<div style=\"display: none;\">\n<input type=\"hidden\" name=\"_wpcf7\" value=\"7647\" \/>\n<input type=\"hidden\" name=\"_wpcf7_version\" value=\"5.8.6\" \/>\n<input type=\"hidden\" name=\"_wpcf7_locale\" value=\"en_GB\" \/>\n<input type=\"hidden\" name=\"_wpcf7_unit_tag\" value=\"wpcf7-f7647-o1\" \/>\n<input type=\"hidden\" name=\"_wpcf7_container_post\" value=\"0\" \/>\n<input type=\"hidden\" name=\"_wpcf7_posted_data_hash\" value=\"\" \/>\n<\/div>\n<p><label> Navn*<br \/>\n<span class=\"wpcf7-form-control-wrap\" data-name=\"your-name\"><input size=\"40\" class=\"wpcf7-form-control wpcf7-text wpcf7-validates-as-required\" aria-required=\"true\" aria-invalid=\"false\" value=\"\" type=\"text\" name=\"your-name\" \/><\/span> <\/label>\n<\/p>\n<p><label> E-mail*<br \/>\n<span class=\"wpcf7-form-control-wrap\" data-name=\"your-email\"><input size=\"40\" class=\"wpcf7-form-control wpcf7-email wpcf7-validates-as-required wpcf7-text wpcf7-validates-as-email\" aria-required=\"true\" aria-invalid=\"false\" value=\"\" type=\"email\" name=\"your-email\" \/><\/span> <\/label>\n<\/p>\n<p><label> Evt. Firma<br \/>\n<span class=\"wpcf7-form-control-wrap\" data-name=\"your-subject\"><input size=\"40\" class=\"wpcf7-form-control wpcf7-text\" aria-invalid=\"false\" value=\"\" type=\"text\" name=\"your-subject\" \/><\/span> <\/label>\n<\/p>\n<p><label> Din besked<br \/>\n<span class=\"wpcf7-form-control-wrap\" data-name=\"your-message\"><textarea cols=\"40\" rows=\"7\" class=\"wpcf7-form-control wpcf7-textarea\" aria-invalid=\"false\" name=\"your-message\"><\/textarea><\/span> <\/label>\n<\/p>\n<p><input class=\"wpcf7-form-control wpcf7-submit has-spinner\" type=\"submit\" value=\"Send\" \/>\n<\/p><div class=\"wpcf7-response-output\" aria-hidden=\"true\"><\/div>\n<\/form>\n<\/div>\n[\/vc_column_inner][vc_column_inner css=&#8221;.vc_custom_1697824650705{padding-right: 3% !important;padding-left: 3% !important;}&#8221;][\/vc_column_inner][\/vc_row_inner][\/vc_column][\/vc_row][vc_row css=&#8221;.vc_custom_1698141066334{background-color: #f7f5f5 !important;}&#8221;][vc_column][vc_column_text]<\/p>\n<\/div>\n<\/div>\n<\/div>\n<\/div>\n<\/div>\n<\/div>\n<\/div>\n<p>[\/vc_column_text][\/vc_column][\/vc_row]<\/p>\n","protected":false},"excerpt":{"rendered":"<p>[vc_row][vc_column][vc_column_text] [\/vc_column_text][\/vc_column][\/vc_row][vc_row content_text_aligment=&#8221;left&#8221; css=&#8221;.vc_custom_1698392877491{padding-top: 0px !important;padding-bottom: 75px !important;background: #2d2d2d url(https:\/\/staging.formcph.com\/wp-content\/uploads\/2023\/10\/DSC_2393-ab-scaled.jpg?id=9629) !important;background-position: center !important;background-repeat: no-repeat !important;background-size: cover !important;}&#8221;][vc_column offset=&#8221;vc_col-md-12&#8243;][vc_row_inner content_text_aligment=&#8221;left&#8221; css=&#8221;.vc_custom_1697823836813{padding-top: 100px !important;}&#8221;][vc_column_inner width=&#8221;2\/3&#8243; offset=&#8221;vc_col-lg-offset-2 vc_col-lg-8 vc_col-md-offset-1 vc_col-md-10&#8243; css=&#8221;.vc_custom_1697831479099{margin-left: 20px !important;}&#8221;][vc_column_text] Kontakt os [\/vc_column_text][vc_empty_space height=&#8221;180px&#8221;][vc_empty_space height=&#8221;6px&#8221;][\/vc_column_inner][\/vc_row_inner][\/vc_column][\/vc_row][vc_row css=&#8221;.vc_custom_1551887720266{padding-top: 170px !important;padding-bottom: 20px !important;background-color: #f7f5f5 !important;}&#8221;][vc_column][vc_row_inner row_content_width=&#8221;grid&#8221; css=&#8221;.vc_custom_1485852024237{margin-top: -247px [&hellip;]<\/p>\n","protected":false},"author":1,"featured_media":0,"parent":0,"menu_order":0,"comment_status":"closed","ping_status":"closed","template":"full-width.php","meta":{"footnotes":""},"_links":{"self":[{"href":"https:\/\/staging.formcph.com\/index.php?rest_route=\/wp\/v2\/pages\/9372"}],"collection":[{"href":"https:\/\/staging.formcph.com\/index.php?rest_route=\/wp\/v2\/pages"}],"about":[{"href":"https:\/\/staging.formcph.com\/index.php?rest_route=\/wp\/v2\/types\/page"}],"author":[{"embeddable":true,"href":"https:\/\/staging.formcph.com\/index.php?rest_route=\/wp\/v2\/users\/1"}],"replies":[{"embeddable":true,"href":"https:\/\/staging.formcph.com\/index.php?rest_route=%2Fwp%2Fv2%2Fcomments&post=9372"}],"version-history":[{"count":110,"href":"https:\/\/staging.formcph.com\/index.php?rest_route=\/wp\/v2\/pages\/9372\/revisions"}],"predecessor-version":[{"id":10047,"href":"https:\/\/staging.formcph.com\/index.php?rest_route=\/wp\/v2\/pages\/9372\/revisions\/10047"}],"wp:attachment":[{"href":"https:\/\/staging.formcph.com\/index.php?rest_route=%2Fwp%2Fv2%2Fmedia&parent=9372"}],"curies":[{"name":"wp","href":"https:\/\/api.w.org\/{rel}","templated":true}]}}